{"id":2,"date":"2016-08-09T08:39:42","date_gmt":"2016-08-09T06:39:42","guid":{"rendered":""},"modified":"2023-01-13T10:10:19","modified_gmt":"2023-01-13T09:10:19","slug":"beispiel-seite","status":"publish","type":"page","link":"http:\/\/www.brigitte-style.at\/?page_id=2","title":{"rendered":"Home"},"content":{"rendered":"<h2>Brigitte Style ist ein Ein-Personen- Unternehmen mit Meisterklasse, wobei ich nat\u00fcrlich von meiner Familie und Freunden unterst\u00fctzt werde. Die Eigenschaften Flexibilit\u00e4t, Pers\u00f6nlichkeit und Freude am Beruf stellen hierbei wichtige Werte dar. Ich sehe mich nicht als ein auf den Profit orientiertes Unternehmen, sondern als Dienstleister f\u00fcr Menschen, denen ein gutes Aussehen wichtig ist.<br \/>\nIch freue mich auf Ihren Anruf!<\/h2>\n<blockquote>\n<p style=\"text-align: center;\">Ich komme zu Ihnen<br \/>\nTerminvereinbarung erbeten!<\/p>\n<\/blockquote>\n<p style=\"font-weight: 400;\">Zu meiner Person \u2013 Ich hei\u00dfe Brigitte Pluskovits, ich bin Mutter von drei Kindern und mittlerweile 3fache Gro\u00dfmutter. Ich arbeite seit \u00fcber 40 Jahren als Damen und Herren Friseurin. Ich gehe regelm\u00e4\u00dfig laufen und wandern und mache am liebsten Urlaub im sch\u00f6nen \u00d6sterreich. Da ich schon immer eine sportliche Lebensweise pflegte und ich Herausforderungen annehme, habe ich mich mit 2016 als fahrende Friseurin selbstst\u00e4ndig gemacht. Ich wollte mir mit diesem Schritt in die Selbstst\u00e4ndigkeit die M\u00f6glichkeit geben, meine Ideen erfolgreich umsetzen zu k\u00f6nnen. Denn es ist mir ein besonderes Anliegen, die Sch\u00f6nheit und Nat\u00fcrlichkeit meiner Kunden und Kundinnen zur Geltung zu bringen. Deshalb sehe ich es als eine gro\u00dfe Verantwortung jedem Kunden und jeder Kundin mit Rat und Tat zur Seite zu stehen. Mein Motto lautet: Sch\u00f6nheit liegt im Auge des Betrachters, aber etwas nachhelfen kann nicht schaden.<\/p>\n","protected":false},"excerpt":{"rendered":"<p>Brigitte Style ist ein Ein-Personen- Unternehmen mit Meisterklasse, wobei ich nat\u00fcrlich von meiner Familie und Freunden unterst\u00fctzt werde. Die Eigenschaften Flexibilit\u00e4t, Pers\u00f6nlichkeit und Freude am Beruf stellen hierbei wichtige Werte <a href=\"http:\/\/www.brigitte-style.at\/?page_id=2\" class=\"more-link\">[&hellip;]<\/a><\/p>\n","protected":false},"author":1,"featured_media":0,"parent":0,"menu_order":0,"comment_status":"closed","ping_status":"open","template":"","meta":{"Layout":"","amp_status":""},"_links":{"self":[{"href":"http:\/\/www.brigitte-style.at\/index.php?rest_route=\/wp\/v2\/pages\/2"}],"collection":[{"href":"http:\/\/www.brigitte-style.at\/index.php?rest_route=\/wp\/v2\/pages"}],"about":[{"href":"http:\/\/www.brigitte-style.at\/index.php?rest_route=\/wp\/v2\/types\/page"}],"author":[{"embeddable":true,"href":"http:\/\/www.brigitte-style.at\/index.php?rest_route=\/wp\/v2\/users\/1"}],"replies":[{"embeddable":true,"href":"http:\/\/www.brigitte-style.at\/index.php?rest_route=%2Fwp%2Fv2%2Fcomments&post=2"}],"version-history":[{"count":17,"href":"http:\/\/www.brigitte-style.at\/index.php?rest_route=\/wp\/v2\/pages\/2\/revisions"}],"predecessor-version":[{"id":76,"href":"http:\/\/www.brigitte-style.at\/index.php?rest_route=\/wp\/v2\/pages\/2\/revisions\/76"}],"wp:attachment":[{"href":"http:\/\/www.brigitte-style.at\/index.php?rest_route=%2Fwp%2Fv2%2Fmedia&parent=2"}],"curies":[{"name":"wp","href":"https:\/\/api.w.org\/{rel}","templated":true}]}}